{"id":32388,"date":"2024-02-18T18:08:55","date_gmt":"2024-02-18T18:08:55","guid":{"rendered":"https:\/\/azaharealtyestate.es\/condiciones-del-gdpr-y-politica-de-privacidad\/"},"modified":"2024-02-27T18:22:52","modified_gmt":"2024-02-27T18:22:52","slug":"condiciones-del-gdpr-y-politica-de-privacidad","status":"publish","type":"page","link":"https:\/\/azaharealtyestate.es\/es\/condiciones-del-gdpr-y-politica-de-privacidad\/","title":{"rendered":"Condiciones del GDPR y pol\u00edtica de privacidad"},"content":{"rendered":"\t\t<div data-elementor-type=\"wp-page\" data-elementor-id=\"32388\" class=\"elementor elementor-32388 elementor-32081\" data-elementor-post-type=\"page\">\n\t\t\t\t\t\t<section class=\"elementor-section elementor-top-section elementor-element elementor-element-dd4fe74 elementor-section-boxed elementor-section-height-default elementor-section-height-default\" data-id=\"dd4fe74\" data-element_type=\"section\">\n\t\t\t\t\t\t<div class=\"elementor-container elementor-column-gap-default\">\n\t\t\t\t\t<div class=\"elementor-column elementor-col-100 elementor-top-column elementor-element elementor-element-eaabbb8\" data-id=\"eaabbb8\" data-element_type=\"column\">\n\t\t\t<div class=\"elementor-widget-wrap elementor-element-populated\">\n\t\t\t\t\t\t<div class=\"elementor-element elementor-element-96ed553 elementor-widget elementor-widget-text-editor\" data-id=\"96ed553\" data-element_type=\"widget\" data-widget_type=\"text-editor.default\">\n\t\t\t\t<div class=\"elementor-widget-container\">\n\t\t\t<style>\/*! elementor - v3.19.0 - 26-02-2024 *\/\n.elementor-widget-text-editor.elementor-drop-cap-view-stacked .elementor-drop-cap{background-color:#69727d;color:#fff}.elementor-widget-text-editor.elementor-drop-cap-view-framed .elementor-drop-cap{color:#69727d;border:3px solid;background-color:transparent}.elementor-widget-text-editor:not(.elementor-drop-cap-view-default) .elementor-drop-cap{margin-top:8px}.elementor-widget-text-editor:not(.elementor-drop-cap-view-default) .elementor-drop-cap-letter{width:1em;height:1em}.elementor-widget-text-editor .elementor-drop-cap{float:left;text-align:center;line-height:1;font-size:50px}.elementor-widget-text-editor .elementor-drop-cap-letter{display:inline-block}<\/style>\t\t\t\t<p><strong>Pol\u00edtica<\/strong> de Privacidad: Nuestra Pol\u00edtica de Privacidad describe c\u00f3mo Azahar Realty Estate (&#8220;nosotros&#8221;, &#8220;nos&#8221; o &#8220;nuestro&#8221;) recoge, utiliza, divulga y gestiona los datos personales en nuestro sitio web. Esto incluye informaci\u00f3n sobre:<\/p>\n<ul>\n<li>El responsable (nosotros) del tratamiento de los datos personales.<\/li>\n<li>Tipos de datos personales que recopilamos, como nombre, correo electr\u00f3nico, n\u00famero de tel\u00e9fono y direcci\u00f3n.<\/li>\n<li>Finalidad de la recogida de datos: consultas sobre propiedades, suscripciones a boletines y gesti\u00f3n de cuentas.<\/li>\n<li>Base jur\u00eddica para el tratamiento de datos personales, como el consentimiento, la necesidad contractual o los intereses leg\u00edtimos.<\/li>\n<li>Per\u00edodos de conservaci\u00f3n de datos y criterios para determinar la duraci\u00f3n del almacenamiento de datos.<\/li>\n<li>Derechos de los interesados, incluido el derecho de acceso, rectificaci\u00f3n, supresi\u00f3n o limitaci\u00f3n del tratamiento de sus datos personales.<\/li>\n<li>Procedimientos para presentar solicitudes de los interesados y ponerse en contacto con nosotros para consultas o reclamaciones.<\/li>\n<li>Informaci\u00f3n sobre transferencias internacionales de datos, si procede, incluidos los mecanismos legales utilizados para garantizar la protecci\u00f3n de datos.<\/li>\n<li>Actualizaciones de la Pol\u00edtica de Privacidad y procedimientos de notificaci\u00f3n de cambios significativos.<\/li>\n<\/ul>\n\t\t\t\t\t\t<\/div>\n\t\t\t\t<\/div>\n\t\t\t\t\t<\/div>\n\t\t<\/div>\n\t\t\t\t\t<\/div>\n\t\t<\/section>\n\t\t\t\t<section class=\"elementor-section elementor-top-section elementor-element elementor-element-d99e5a2 elementor-section-boxed elementor-section-height-default elementor-section-height-default\" data-id=\"d99e5a2\" data-element_type=\"section\">\n\t\t\t\t\t\t<div class=\"elementor-container elementor-column-gap-default\">\n\t\t\t\t\t<div class=\"elementor-column elementor-col-100 elementor-top-column elementor-element elementor-element-eac95b4\" data-id=\"eac95b4\" data-element_type=\"column\">\n\t\t\t<div class=\"elementor-widget-wrap elementor-element-populated\">\n\t\t\t\t\t\t<div class=\"elementor-element elementor-element-a8e71b8 elementor-widget elementor-widget-text-editor\" data-id=\"a8e71b8\" data-element_type=\"widget\" data-widget_type=\"text-editor.default\">\n\t\t\t\t<div class=\"elementor-widget-container\">\n\t\t\t\t\t\t\t<p>Pol\u00edtica de <strong>cookies<\/strong>: Nuestra Pol\u00edtica de Cookies explica los tipos de cookies y tecnolog\u00edas de rastreo utilizadas en nuestro sitio web, sus prop\u00f3sitos y c\u00f3mo los usuarios pueden gestionar sus preferencias. Esto incluye:<\/p>\n<ul>\n<li>Explicaci\u00f3n de las cookies esenciales, funcionales, anal\u00edticas y publicitarias.<\/li>\n<li>Prop\u00f3sito de cada categor\u00eda de cookies y su impacto en la experiencia del usuario.<\/li>\n<li>Opciones para que los usuarios controlen la configuraci\u00f3n de las cookies a trav\u00e9s de las preferencias del navegador o de banners de consentimiento de cookies.<\/li>\n<li>Informaci\u00f3n sobre cookies de terceros y tecnolog\u00edas de seguimiento utilizadas para an\u00e1lisis, publicidad o integraci\u00f3n en redes sociales.<\/li>\n<li>Enlaces a recursos externos para obtener m\u00e1s informaci\u00f3n sobre la gesti\u00f3n de cookies y tecnolog\u00edas de seguimiento.<\/li>\n<\/ul>\n\t\t\t\t\t\t<\/div>\n\t\t\t\t<\/div>\n\t\t\t\t\t<\/div>\n\t\t<\/div>\n\t\t\t\t\t<\/div>\n\t\t<\/section>\n\t\t\t\t<section class=\"elementor-section elementor-top-section elementor-element elementor-element-61ddbbc elementor-section-boxed elementor-section-height-default elementor-section-height-default\" data-id=\"61ddbbc\" data-element_type=\"section\">\n\t\t\t\t\t\t<div class=\"elementor-container elementor-column-gap-default\">\n\t\t\t\t\t<div class=\"elementor-column elementor-col-100 elementor-top-column elementor-element elementor-element-79d79f6\" data-id=\"79d79f6\" data-element_type=\"column\">\n\t\t\t<div class=\"elementor-widget-wrap elementor-element-populated\">\n\t\t\t\t\t\t<div class=\"elementor-element elementor-element-909ae8b elementor-widget elementor-widget-text-editor\" data-id=\"909ae8b\" data-element_type=\"widget\" data-widget_type=\"text-editor.default\">\n\t\t\t\t<div class=\"elementor-widget-container\">\n\t\t\t\t\t\t\t<p><strong>Mecanismos<\/strong> de consentimiento: Obtenemos el consentimiento de los usuarios antes de recopilar o tratar sus datos personales a trav\u00e9s de mecanismos de consentimiento interactivos, como:<\/p>\n<ul>\n<li>Casillas de verificaci\u00f3n para que los usuarios indiquen su consentimiento antes de enviar formularios o utilizar determinadas funciones.<\/li>\n<li>Lenguaje claro y visible que explique la finalidad de la recogida y el tratamiento de datos.<\/li>\n<li>Opciones para que los usuarios retiren su consentimiento en cualquier momento a trav\u00e9s de canales accesibles.<\/li>\n<\/ul>\n\t\t\t\t\t\t<\/div>\n\t\t\t\t<\/div>\n\t\t\t\t\t<\/div>\n\t\t<\/div>\n\t\t\t\t\t<\/div>\n\t\t<\/section>\n\t\t\t\t<section class=\"elementor-section elementor-top-section elementor-element elementor-element-6cd5db7 elementor-section-boxed elementor-section-height-default elementor-section-height-default\" data-id=\"6cd5db7\" data-element_type=\"section\">\n\t\t\t\t\t\t<div class=\"elementor-container elementor-column-gap-default\">\n\t\t\t\t\t<div class=\"elementor-column elementor-col-100 elementor-top-column elementor-element elementor-element-914ed8d\" data-id=\"914ed8d\" data-element_type=\"column\">\n\t\t\t<div class=\"elementor-widget-wrap elementor-element-populated\">\n\t\t\t\t\t\t<div class=\"elementor-element elementor-element-449f0b8 elementor-widget elementor-widget-text-editor\" data-id=\"449f0b8\" data-element_type=\"widget\" data-widget_type=\"text-editor.default\">\n\t\t\t\t<div class=\"elementor-widget-container\">\n\t\t\t\t\t\t\t<p><strong>Derechos de los interesados<\/strong>: Respetamos los derechos de los sujetos de datos en virtud del GDPR y proporcionamos instrucciones claras para ejercer estos derechos, incluyendo:<\/p>\n<ul>\n<li>C\u00f3mo presentar solicitudes de acceso, rectificaci\u00f3n, supresi\u00f3n o limitaci\u00f3n del tratamiento de datos personales.<\/li>\n<li>Procedimientos de verificaci\u00f3n para confirmar la identidad de los interesados e impedir el acceso no autorizado a los datos personales.<\/li>\n<li>Plazos para responder a las solicitudes de los interesados y procedimientos para tramitar solicitudes complejas o extensas.<\/li>\n<\/ul>\n\t\t\t\t\t\t<\/div>\n\t\t\t\t<\/div>\n\t\t\t\t\t<\/div>\n\t\t<\/div>\n\t\t\t\t\t<\/div>\n\t\t<\/section>\n\t\t\t\t<section class=\"elementor-section elementor-top-section elementor-element elementor-element-b777e96 elementor-section-boxed elementor-section-height-default elementor-section-height-default\" data-id=\"b777e96\" data-element_type=\"section\">\n\t\t\t\t\t\t<div class=\"elementor-container elementor-column-gap-default\">\n\t\t\t\t\t<div class=\"elementor-column elementor-col-100 elementor-top-column elementor-element elementor-element-bfe5749\" data-id=\"bfe5749\" data-element_type=\"column\">\n\t\t\t<div class=\"elementor-widget-wrap elementor-element-populated\">\n\t\t\t\t\t\t<div class=\"elementor-element elementor-element-fcf8674 elementor-widget elementor-widget-text-editor\" data-id=\"fcf8674\" data-element_type=\"widget\" data-widget_type=\"text-editor.default\">\n\t\t\t\t<div class=\"elementor-widget-container\">\n\t\t\t\t\t\t\t<p><strong>Medidas de seguridad de los<\/strong> datos: Aplicamos s\u00f3lidas medidas de seguridad para proteger los datos personales contra el acceso, la divulgaci\u00f3n, la alteraci\u00f3n o la destrucci\u00f3n no autorizados, entre las que se incluyen:<\/p>\n<ul>\n<li>Protocolos de cifrado para proteger la transmisi\u00f3n y el almacenamiento de datos.<\/li>\n<li>Controles de acceso y mecanismos de autenticaci\u00f3n para restringir el acceso a los datos al personal autorizado.<\/li>\n<li>Evaluaciones y auditor\u00edas peri\u00f3dicas de la seguridad para detectar y corregir vulnerabilidades.<\/li>\n<li>Programas de formaci\u00f3n de empleados para concienciarlos sobre las mejores pr\u00e1cticas de seguridad de datos y los requisitos de cumplimiento.<\/li>\n<\/ul>\n\t\t\t\t\t\t<\/div>\n\t\t\t\t<\/div>\n\t\t\t\t\t<\/div>\n\t\t<\/div>\n\t\t\t\t\t<\/div>\n\t\t<\/section>\n\t\t\t\t<section class=\"elementor-section elementor-top-section elementor-element elementor-element-39f82af elementor-section-boxed elementor-section-height-default elementor-section-height-default\" data-id=\"39f82af\" data-element_type=\"section\">\n\t\t\t\t\t\t<div class=\"elementor-container elementor-column-gap-default\">\n\t\t\t\t\t<div class=\"elementor-column elementor-col-100 elementor-top-column elementor-element elementor-element-698ac95\" data-id=\"698ac95\" data-element_type=\"column\">\n\t\t\t<div class=\"elementor-widget-wrap elementor-element-populated\">\n\t\t\t\t\t\t<div class=\"elementor-element elementor-element-2406b39 elementor-widget elementor-widget-text-editor\" data-id=\"2406b39\" data-element_type=\"widget\" data-widget_type=\"text-editor.default\">\n\t\t\t\t<div class=\"elementor-widget-container\">\n\t\t\t\t\t\t\t<p><strong>Procesadores de datos de terceros<\/strong>: Podemos compartir datos personales con terceros proveedores de servicios de confianza que nos ayudan en el funcionamiento del sitio web, el marketing o el servicio de atenci\u00f3n al cliente. Estos terceros est\u00e1n obligados contractualmente a:<\/p>\n<ul>\n<li>Tratar los datos personales s\u00f3lo para los fines especificados y de acuerdo con nuestras instrucciones.<\/li>\n<li>Aplicar medidas de seguridad adecuadas para proteger los datos personales.<\/li>\n<li>Cumplir el GDPR y otras leyes de protecci\u00f3n de datos aplicables.<\/li>\n<li>Notif\u00edquenos sin demora cualquier violaci\u00f3n de datos o incidente de seguridad que afecte a sus datos personales.<\/li>\n<\/ul>\n\t\t\t\t\t\t<\/div>\n\t\t\t\t<\/div>\n\t\t\t\t\t<\/div>\n\t\t<\/div>\n\t\t\t\t\t<\/div>\n\t\t<\/section>\n\t\t\t\t<section class=\"elementor-section elementor-top-section elementor-element elementor-element-12136ee elementor-section-boxed elementor-section-height-default elementor-section-height-default\" data-id=\"12136ee\" data-element_type=\"section\">\n\t\t\t\t\t\t<div class=\"elementor-container elementor-column-gap-default\">\n\t\t\t\t\t<div class=\"elementor-column elementor-col-100 elementor-top-column elementor-element elementor-element-2c38da3\" data-id=\"2c38da3\" data-element_type=\"column\">\n\t\t\t<div class=\"elementor-widget-wrap elementor-element-populated\">\n\t\t\t\t\t\t<div class=\"elementor-element elementor-element-e4c5441 elementor-widget elementor-widget-text-editor\" data-id=\"e4c5441\" data-element_type=\"widget\" data-widget_type=\"text-editor.default\">\n\t\t\t\t<div class=\"elementor-widget-container\">\n\t\t\t\t\t\t\t<p><strong>Notificaci\u00f3n de violaci\u00f3n<\/strong> de datos: En caso de que se produzca una violaci\u00f3n de datos que afecte a datos personales, hemos establecido procedimientos para:<\/p>\n<ul>\n<li>Detectar y evaluar r\u00e1pidamente la gravedad de la infracci\u00f3n.<\/li>\n<li>Notificar a las personas afectadas y a las autoridades de supervisi\u00f3n pertinentes dentro del plazo requerido.<\/li>\n<li>Proporcionar informaci\u00f3n clara y oportuna sobre la naturaleza de la violaci\u00f3n, los interesados afectados y las medidas adoptadas para mitigar los riesgos y prevenir futuros incidentes.<\/li>\n<\/ul>\n\t\t\t\t\t\t<\/div>\n\t\t\t\t<\/div>\n\t\t\t\t\t<\/div>\n\t\t<\/div>\n\t\t\t\t\t<\/div>\n\t\t<\/section>\n\t\t\t\t<section class=\"elementor-section elementor-top-section elementor-element elementor-element-3638091 elementor-section-boxed elementor-section-height-default elementor-section-height-default\" data-id=\"3638091\" data-element_type=\"section\">\n\t\t\t\t\t\t<div class=\"elementor-container elementor-column-gap-default\">\n\t\t\t\t\t<div class=\"elementor-column elementor-col-100 elementor-top-column elementor-element elementor-element-b9e76ad\" data-id=\"b9e76ad\" data-element_type=\"column\">\n\t\t\t<div class=\"elementor-widget-wrap elementor-element-populated\">\n\t\t\t\t\t\t<div class=\"elementor-element elementor-element-5de63b4 elementor-widget elementor-widget-text-editor\" data-id=\"5de63b4\" data-element_type=\"widget\" data-widget_type=\"text-editor.default\">\n\t\t\t\t<div class=\"elementor-widget-container\">\n\t\t\t\t\t\t\t<p>Datos de <strong>menores<\/strong>: No recopilamos conscientemente datos personales de personas menores de [specified age] sin el consentimiento paterno. Si tenemos conocimiento de que hemos recopilado datos personales de un ni\u00f1o sin el consentimiento de sus padres, tomaremos medidas para eliminar dicha informaci\u00f3n de nuestros registros sin demora.<\/p>\n\t\t\t\t\t\t<\/div>\n\t\t\t\t<\/div>\n\t\t\t\t\t<\/div>\n\t\t<\/div>\n\t\t\t\t\t<\/div>\n\t\t<\/section>\n\t\t\t\t<section class=\"elementor-section elementor-top-section elementor-element elementor-element-5b434a3 elementor-section-boxed elementor-section-height-default elementor-section-height-default\" data-id=\"5b434a3\" data-element_type=\"section\">\n\t\t\t\t\t\t<div class=\"elementor-container elementor-column-gap-default\">\n\t\t\t\t\t<div class=\"elementor-column elementor-col-100 elementor-top-column elementor-element elementor-element-e4642bc\" data-id=\"e4642bc\" data-element_type=\"column\">\n\t\t\t<div class=\"elementor-widget-wrap elementor-element-populated\">\n\t\t\t\t\t\t<div class=\"elementor-element elementor-element-251eb3a elementor-widget elementor-widget-text-editor\" data-id=\"251eb3a\" data-element_type=\"widget\" data-widget_type=\"text-editor.default\">\n\t\t\t\t<div class=\"elementor-widget-container\">\n\t\t\t\t\t\t\t<p><strong>Transferencias internacionales<\/strong> de datos: Si transferimos datos personales fuera del Espacio Econ\u00f3mico Europeo (EEE), nos aseguramos de que existan garant\u00edas adecuadas para proteger los datos, tales como:<\/p>\n<ul>\n<li>Cl\u00e1usulas contractuales tipo aprobadas por la Comisi\u00f3n Europea.<\/li>\n<li>Normas corporativas vinculantes o mecanismos de certificaci\u00f3n.<\/li>\n<li>Decisiones de adecuaci\u00f3n de la Comisi\u00f3n Europea para los pa\u00edses que se considera que ofrecen un nivel adecuado de protecci\u00f3n de datos.<\/li>\n<\/ul>\n\t\t\t\t\t\t<\/div>\n\t\t\t\t<\/div>\n\t\t\t\t\t<\/div>\n\t\t<\/div>\n\t\t\t\t\t<\/div>\n\t\t<\/section>\n\t\t\t\t<section class=\"elementor-section elementor-top-section elementor-element elementor-element-7937c37 elementor-section-boxed elementor-section-height-default elementor-section-height-default\" data-id=\"7937c37\" data-element_type=\"section\">\n\t\t\t\t\t\t<div class=\"elementor-container elementor-column-gap-default\">\n\t\t\t\t\t<div class=\"elementor-column elementor-col-100 elementor-top-column elementor-element elementor-element-5d124a0\" data-id=\"5d124a0\" data-element_type=\"column\">\n\t\t\t<div class=\"elementor-widget-wrap elementor-element-populated\">\n\t\t\t\t\t\t<div class=\"elementor-element elementor-element-805a9c0 elementor-widget elementor-widget-text-editor\" data-id=\"805a9c0\" data-element_type=\"widget\" data-widget_type=\"text-editor.default\">\n\t\t\t\t<div class=\"elementor-widget-container\">\n\t\t\t\t\t\t\t<p><strong>Actualizaciones y revisi\u00f3n<\/strong>: Revisamos y actualizamos peri\u00f3dicamente nuestra documentaci\u00f3n relacionada con el GDPR para garantizar el cumplimiento de los requisitos normativos en evoluci\u00f3n y los cambios en nuestras actividades de procesamiento de datos. Cualquier actualizaci\u00f3n de nuestra pol\u00edtica de privacidad, pol\u00edtica de cookies u otros documentos pertinentes se comunicar\u00e1 a los usuarios a trav\u00e9s de nuestro sitio web u otros canales apropiados.<\/p>\n\t\t\t\t\t\t<\/div>\n\t\t\t\t<\/div>\n\t\t\t\t\t<\/div>\n\t\t<\/div>\n\t\t\t\t\t<\/div>\n\t\t<\/section>\n\t\t\t\t<section class=\"elementor-section elementor-top-section elementor-element elementor-element-ae1706d elementor-section-boxed elementor-section-height-default elementor-section-height-default\" data-id=\"ae1706d\" data-element_type=\"section\">\n\t\t\t\t\t\t<div class=\"elementor-container elementor-column-gap-default\">\n\t\t\t\t\t<div class=\"elementor-column elementor-col-100 elementor-top-column elementor-element elementor-element-81dd654\" data-id=\"81dd654\" data-element_type=\"column\">\n\t\t\t<div class=\"elementor-widget-wrap elementor-element-populated\">\n\t\t\t\t\t\t<div class=\"elementor-element elementor-element-0b5d1d8 elementor-widget elementor-widget-button\" data-id=\"0b5d1d8\" data-element_type=\"widget\" data-widget_type=\"button.default\">\n\t\t\t\t<div class=\"elementor-widget-container\">\n\t\t\t\t\t<div class=\"elementor-button-wrapper\">\n\t\t\t<a class=\"elementor-button elementor-button-link elementor-size-sm\" href=\"https:\/\/azaharealtyestate.es\/es\/terminos-y-codiciones\/\">\n\t\t\t\t\t\t<span class=\"elementor-button-content-wrapper\">\n\t\t\t\t\t\t<span class=\"elementor-button-text\">Condiciones generales<\/span>\n\t\t<\/span>\n\t\t\t\t\t<\/a>\n\t\t<\/div>\n\t\t\t\t<\/div>\n\t\t\t\t<\/div>\n\t\t\t\t\t<\/div>\n\t\t<\/div>\n\t\t\t\t\t<\/div>\n\t\t<\/section>\n\t\t\t\t<\/div>\n\t\t","protected":false},"excerpt":{"rendered":"<p>Pol\u00edtica de Privacidad: Nuestra Pol\u00edtica de Privacidad describe c\u00f3mo Azahar Realty Estate (&#8220;nosotros&#8221;, &#8220;nos&#8221; o &#8220;nuestro&#8221;) recoge, utiliza, divulga y gestiona los datos personales en nuestro sitio web. Esto incluye informaci\u00f3n sobre: El responsable (nosotros) del tratamiento de los datos personales. Tipos de datos personales que recopilamos, como nombre, correo electr\u00f3nico, n\u00famero de tel\u00e9fono y direcci\u00f3n. Finalidad de la recogida de datos: consultas sobre &#8230;<\/p>\n","protected":false},"author":2,"featured_media":0,"parent":0,"menu_order":0,"comment_status":"closed","ping_status":"closed","template":"gdpr_terms.php","meta":{"inline_featured_image":false,"footnotes":""},"class_list":["post-32388","page","type-page","status-publish","hentry"],"_links":{"self":[{"href":"https:\/\/azaharealtyestate.es\/es\/wp-json\/wp\/v2\/pages\/32388","targetHints":{"allow":["GET"]}}],"collection":[{"href":"https:\/\/azaharealtyestate.es\/es\/wp-json\/wp\/v2\/pages"}],"about":[{"href":"https:\/\/azaharealtyestate.es\/es\/wp-json\/wp\/v2\/types\/page"}],"author":[{"embeddable":true,"href":"https:\/\/azaharealtyestate.es\/es\/wp-json\/wp\/v2\/users\/2"}],"replies":[{"embeddable":true,"href":"https:\/\/azaharealtyestate.es\/es\/wp-json\/wp\/v2\/comments?post=32388"}],"version-history":[{"count":1,"href":"https:\/\/azaharealtyestate.es\/es\/wp-json\/wp\/v2\/pages\/32388\/revisions"}],"predecessor-version":[{"id":32392,"href":"https:\/\/azaharealtyestate.es\/es\/wp-json\/wp\/v2\/pages\/32388\/revisions\/32392"}],"wp:attachment":[{"href":"https:\/\/azaharealtyestate.es\/es\/wp-json\/wp\/v2\/media?parent=32388"}],"curies":[{"name":"wp","href":"https:\/\/api.w.org\/{rel}","templated":true}]}}