{"id":32269,"date":"2014-05-24T14:01:43","date_gmt":"2014-05-24T14:01:43","guid":{"rendered":"https:\/\/azaharealtyestate.es\/contacte-con-nosotros\/"},"modified":"2024-02-28T17:41:06","modified_gmt":"2024-02-28T17:41:06","slug":"contactar","status":"publish","type":"page","link":"https:\/\/azaharealtyestate.es\/es\/contactar\/","title":{"rendered":"Contactar"},"content":{"rendered":"\t\t<div data-elementor-type=\"wp-page\" data-elementor-id=\"32269\" class=\"elementor elementor-32269 elementor-28981\" data-elementor-post-type=\"page\">\n\t\t\t\t\t\t<section class=\"elementor-section elementor-top-section elementor-element elementor-element-92c8017 elementor-section-boxed elementor-section-height-default elementor-section-height-default\" data-id=\"92c8017\" data-element_type=\"section\">\n\t\t\t\t\t\t<div class=\"elementor-container elementor-column-gap-default\">\n\t\t\t\t\t<div class=\"elementor-column elementor-col-100 elementor-top-column elementor-element elementor-element-c83143a\" data-id=\"c83143a\" data-element_type=\"column\">\n\t\t\t<div class=\"elementor-widget-wrap elementor-element-populated\">\n\t\t\t\t\t\t<div class=\"elementor-element elementor-element-26b1441 elementor-widget elementor-widget-text-editor\" data-id=\"26b1441\" data-element_type=\"widget\" data-widget_type=\"text-editor.default\">\n\t\t\t\t<div class=\"elementor-widget-container\">\n\t\t\t<style>\/*! elementor - v3.19.0 - 26-02-2024 *\/\n.elementor-widget-text-editor.elementor-drop-cap-view-stacked .elementor-drop-cap{background-color:#69727d;color:#fff}.elementor-widget-text-editor.elementor-drop-cap-view-framed .elementor-drop-cap{color:#69727d;border:3px solid;background-color:transparent}.elementor-widget-text-editor:not(.elementor-drop-cap-view-default) .elementor-drop-cap{margin-top:8px}.elementor-widget-text-editor:not(.elementor-drop-cap-view-default) .elementor-drop-cap-letter{width:1em;height:1em}.elementor-widget-text-editor .elementor-drop-cap{float:left;text-align:center;line-height:1;font-size:50px}.elementor-widget-text-editor .elementor-drop-cap-letter{display:inline-block}<\/style>\t\t\t\t<p>Tanto si busca propiedades en venta en la zona de Tenerife como propiedades en alquiler, le facilitamos la b\u00fasqueda. Utilice nuestra exclusiva funci\u00f3n de b\u00fasqueda avanzada para localizar su villa, adosado o apartamento ideal y p\u00f3ngase en contacto con nosotros para concertar una visita. Le ayudaremos a encontrar la casa de sus sue\u00f1os mientras usted s\u00f3lo tiene que disfrutar de esta maravillosa isla.<\/p>\n<p>Ofrecemos a nuestros clientes una riqueza de conocimientos sobre todos los aspectos de la compra o venta de una casa. Tanto si se trata de ayudarle a buscar la casa de sus sue\u00f1os, como de discutir nuevos desarrollos inmobiliarios en Tenerife, o de asistirle en la venta de su propiedad, nos encantar\u00eda tener la oportunidad de ayudarle. Si tiene alguna pregunta, no dude en ponerse en contacto con nosotros.<\/p>\n\t\t\t\t\t\t<\/div>\n\t\t\t\t<\/div>\n\t\t\t\t\t<\/div>\n\t\t<\/div>\n\t\t\t\t\t<\/div>\n\t\t<\/section>\n\t\t\t\t<\/div>\n\t\t","protected":false},"excerpt":{"rendered":"<p>Tanto si busca propiedades en venta en la zona de Tenerife como propiedades en alquiler, le facilitamos la b\u00fasqueda. Utilice nuestra exclusiva funci\u00f3n de b\u00fasqueda avanzada para localizar su villa, adosado o apartamento ideal y p\u00f3ngase en contacto con nosotros para concertar una visita. Le ayudaremos a encontrar la casa de sus sue\u00f1os mientras usted s\u00f3lo tiene que disfrutar de esta maravillosa isla. Ofrecemos &#8230;<\/p>\n","protected":false},"author":1,"featured_media":0,"parent":0,"menu_order":0,"comment_status":"closed","ping_status":"closed","template":"contact_page.php","meta":{"inline_featured_image":false,"footnotes":""},"class_list":["post-32269","page","type-page","status-publish","hentry"],"_links":{"self":[{"href":"https:\/\/azaharealtyestate.es\/es\/wp-json\/wp\/v2\/pages\/32269","targetHints":{"allow":["GET"]}}],"collection":[{"href":"https:\/\/azaharealtyestate.es\/es\/wp-json\/wp\/v2\/pages"}],"about":[{"href":"https:\/\/azaharealtyestate.es\/es\/wp-json\/wp\/v2\/types\/page"}],"author":[{"embeddable":true,"href":"https:\/\/azaharealtyestate.es\/es\/wp-json\/wp\/v2\/users\/1"}],"replies":[{"embeddable":true,"href":"https:\/\/azaharealtyestate.es\/es\/wp-json\/wp\/v2\/comments?post=32269"}],"version-history":[{"count":2,"href":"https:\/\/azaharealtyestate.es\/es\/wp-json\/wp\/v2\/pages\/32269\/revisions"}],"predecessor-version":[{"id":32500,"href":"https:\/\/azaharealtyestate.es\/es\/wp-json\/wp\/v2\/pages\/32269\/revisions\/32500"}],"wp:attachment":[{"href":"https:\/\/azaharealtyestate.es\/es\/wp-json\/wp\/v2\/media?parent=32269"}],"curies":[{"name":"wp","href":"https:\/\/api.w.org\/{rel}","templated":true}]}}