{"id":32265,"date":"2014-10-22T12:36:54","date_gmt":"2014-10-22T12:36:54","guid":{"rendered":"https:\/\/azaharealtyestate.es\/terminos-y-codiciones\/"},"modified":"2024-02-27T18:00:33","modified_gmt":"2024-02-27T18:00:33","slug":"terminos-y-codiciones","status":"publish","type":"page","link":"https:\/\/azaharealtyestate.es\/es\/terminos-y-codiciones\/","title":{"rendered":"T\u00e9rminos y codiciones"},"content":{"rendered":"\t\t<div data-elementor-type=\"wp-page\" data-elementor-id=\"32265\" class=\"elementor elementor-32265 elementor-2972\" data-elementor-post-type=\"page\">\n\t\t\t\t\t\t<section class=\"elementor-section elementor-top-section elementor-element elementor-element-0ea91c5 elementor-section-boxed elementor-section-height-default elementor-section-height-default\" data-id=\"0ea91c5\" data-element_type=\"section\">\n\t\t\t\t\t\t<div class=\"elementor-container elementor-column-gap-default\">\n\t\t\t\t\t<div class=\"elementor-column elementor-col-100 elementor-top-column elementor-element elementor-element-1645d6b\" data-id=\"1645d6b\" data-element_type=\"column\">\n\t\t\t<div class=\"elementor-widget-wrap elementor-element-populated\">\n\t\t\t\t\t\t<div class=\"elementor-element elementor-element-b9a39d4 elementor-widget elementor-widget-text-editor\" data-id=\"b9a39d4\" data-element_type=\"widget\" data-widget_type=\"text-editor.default\">\n\t\t\t\t<div class=\"elementor-widget-container\">\n\t\t\t<style>\/*! elementor - v3.19.0 - 26-02-2024 *\/\n.elementor-widget-text-editor.elementor-drop-cap-view-stacked .elementor-drop-cap{background-color:#69727d;color:#fff}.elementor-widget-text-editor.elementor-drop-cap-view-framed .elementor-drop-cap{color:#69727d;border:3px solid;background-color:transparent}.elementor-widget-text-editor:not(.elementor-drop-cap-view-default) .elementor-drop-cap{margin-top:8px}.elementor-widget-text-editor:not(.elementor-drop-cap-view-default) .elementor-drop-cap-letter{width:1em;height:1em}.elementor-widget-text-editor .elementor-drop-cap{float:left;text-align:center;line-height:1;font-size:50px}.elementor-widget-text-editor .elementor-drop-cap-letter{display:inline-block}<\/style>\t\t\t\t<p>\u00a1Bienvenido a la Inmobiliaria Azahar! Las presentes Condiciones Generales regulan su acceso y uso de nuestro sitio web, incluidos los contenidos, funciones y servicios ofrecidos. Al acceder a nuestro sitio web o utilizarlo, usted acepta someterse a las presentes condiciones. Si no est\u00e1 de acuerdo con alguna parte de estas condiciones, no acceda ni utilice nuestro sitio web.<\/p>\n<ol>\n<li>\n<p><strong>Acceso y uso del sitio web<\/strong><\/p>\n<ul>\n<li>Debe tener al menos 18 a\u00f1os para acceder o utilizar nuestro sitio web. Al acceder o utilizar nuestro sitio web, usted declara y garantiza que es mayor de 18 a\u00f1os.<\/li>\n<li>Se le concede una licencia limitada, no exclusiva e intransferible para acceder y utilizar nuestro sitio web \u00fanicamente con fines personales y no comerciales.<\/li>\n<li>Usted se compromete a no utilizar nuestro sitio web con fines ilegales o prohibidos o de cualquier forma que pueda da\u00f1ar, inutilizar, sobrecargar o perjudicar el funcionamiento de nuestro sitio web o interferir en el uso y disfrute de nuestro sitio web por parte de terceros.<\/li>\n<\/ul>\n<\/li>\n<li>\n<p><strong>Propiedad intelectual<\/strong><\/p>\n<ul>\n<li>Todo el contenido, caracter\u00edsticas y funcionalidad disponible en nuestro sitio web, incluyendo pero no limitado a texto, gr\u00e1ficos, logotipos, im\u00e1genes, clips de audio, clips de v\u00eddeo y software, son propiedad intelectual de Azahar Realty Estate o sus licenciantes y est\u00e1n protegidos por derechos de autor, marcas registradas y otras leyes de propiedad intelectual.<\/li>\n<li>Usted no puede modificar, reproducir, distribuir, transmitir, mostrar p\u00fablicamente, ejecutar p\u00fablicamente, publicar, licenciar, crear trabajos derivados, transferir o vender cualquier contenido, caracter\u00edsticas o funcionalidad obtenida de oa trav\u00e9s de nuestro sitio web sin el consentimiento previo por escrito de Azahar Realty Estate.<\/li>\n<\/ul>\n<\/li>\n<li>\n<p><strong>Cuentas de usuario<\/strong><\/p>\n<ul>\n<li>Algunas funciones de nuestro sitio web pueden requerir la creaci\u00f3n de una cuenta de usuario. Usted se compromete a proporcionar informaci\u00f3n exacta, actual y completa durante el proceso de registro y a actualizar dicha informaci\u00f3n para mantenerla exacta, actual y completa.<\/li>\n<li>Usted es responsable de mantener la confidencialidad de las credenciales de su cuenta y de todas las actividades que se realicen con ella. Usted se compromete a notificarnos inmediatamente cualquier uso no autorizado de su cuenta o cualquier otra violaci\u00f3n de la seguridad.<\/li>\n<\/ul>\n<\/li>\n<li>\n<p><strong>Enlaces y servicios de terceros<\/strong><\/p>\n<ul>\n<li>Nuestro sitio web puede contener enlaces a sitios web o servicios de terceros que no son propiedad o no est\u00e1n controlados por Azahar Inmobiliaria. No tenemos ning\u00fan control ni asumimos ninguna responsabilidad por el contenido, las pol\u00edticas de privacidad o las pr\u00e1cticas de los sitios web o servicios de terceros.<\/li>\n<li>Usted reconoce y acepta que Azahar Inmobiliaria no ser\u00e1 responsable, directa o indirectamente, por cualquier da\u00f1o o p\u00e9rdida causada o supuestamente causada por o en conexi\u00f3n con el uso o la confianza en cualquier contenido, bienes o servicios disponibles en oa trav\u00e9s de cualquier sitio web de terceros o servicios.<\/li>\n<\/ul>\n<\/li>\n<li>\n<p><strong>Exclusi\u00f3n de garant\u00edas<\/strong><\/p>\n<ul>\n<li>Nuestro sitio web se proporciona &#8220;tal cual&#8221; y &#8220;seg\u00fan disponibilidad&#8221;, sin declaraciones ni garant\u00edas de ning\u00fan tipo, expresas o impl\u00edcitas. Azahar Realty Estate no hace representaciones o garant\u00edas con respecto a la exactitud, integridad, adecuaci\u00f3n o fiabilidad de cualquier contenido, caracter\u00edsticas o funcionalidad disponible en oa trav\u00e9s de nuestro sitio web.<\/li>\n<\/ul>\n<\/li>\n<li>\n<p><strong>Limitaci\u00f3n de responsabilidad<\/strong><\/p>\n<ul>\n<li>En la m\u00e1xima medida permitida por la legislaci\u00f3n aplicable, Azahar Inmobiliaria no se hace responsable de ning\u00fan da\u00f1o indirecto, incidental, especial, consecuente o punitivo, o cualquier p\u00e9rdida de beneficios o ingresos, ya sea directa o indirectamente, o cualquier p\u00e9rdida de datos, uso, fondo de comercio, u otras p\u00e9rdidas intangibles resultantes de:\n<ul>\n<li>Su acceso o uso de nuestro sitio web o la imposibilidad de acceder a \u00e9l o utilizarlo.<\/li>\n<li>Cualquier contenido, caracter\u00edstica o funcionalidad obtenida de o a trav\u00e9s de nuestro sitio web.<\/li>\n<li>Cualquier acceso o uso no autorizado de nuestros servidores o de cualquier informaci\u00f3n personal almacenada en ellos.<\/li>\n<li>Cualquier error, virus, troyano o similares que puedan ser transmitidos a nuestro sitio web o a trav\u00e9s de \u00e9l por terceros.<\/li>\n<\/ul>\n<\/li>\n<li>En ning\u00fan caso la responsabilidad agregada de Azahar Inmobiliaria exceder\u00e1 de la cantidad mayor entre cien euros (100\u20ac) o el importe que usted nos haya abonado, en su caso, en los \u00faltimos doce meses por los servicios que dieron lugar a la reclamaci\u00f3n.<\/li>\n<\/ul>\n<\/li>\n<li>\n<p><strong>Legislaci\u00f3n aplicable y resoluci\u00f3n de litigios<\/strong><\/p>\n<ul>\n<li>Las presentes Condiciones Generales se regir\u00e1n e interpretar\u00e1n de conformidad con las leyes de Espa\u00f1a, sin tener en cuenta sus disposiciones en materia de conflicto de leyes.<\/li>\n<li>Cualquier disputa que surja de o est\u00e9 relacionada con estos T\u00e9rminos y Condiciones o su acceso o uso de nuestro sitio web se resolver\u00e1 exclusivamente en los tribunales estatales o federales ubicados en Santa Cruz de Tenerife, y por la presente usted acepta la jurisdicci\u00f3n personal y la competencia de dichos tribunales.<\/li>\n<\/ul>\n<\/li>\n<li>\n<p><strong>Cambios en las condiciones generales<\/strong><\/p>\n<ul>\n<li>Azahar Inmobiliaria se reserva el derecho, a su sola discreci\u00f3n, de modificar o sustituir estos T\u00e9rminos y Condiciones en cualquier momento. Si introducimos cambios sustanciales en estas Condiciones Generales, se lo notificaremos publicando las condiciones revisadas en nuestro sitio web. El uso continuado de nuestro sitio web despu\u00e9s de la publicaci\u00f3n de cualquier cambio en estos T\u00e9rminos y Condiciones constituye su aceptaci\u00f3n de dichos cambios.<\/li>\n<\/ul>\n<\/li>\n<\/ol>\n<p>Si tiene alguna pregunta sobre estas Condiciones, p\u00f3ngase en contacto con nosotros en info@azaharealtyestate.es.<\/p>\n\t\t\t\t\t\t<\/div>\n\t\t\t\t<\/div>\n\t\t\t\t\t<\/div>\n\t\t<\/div>\n\t\t\t\t\t<\/div>\n\t\t<\/section>\n\t\t\t\t<\/div>\n\t\t","protected":false},"excerpt":{"rendered":"<p>\u00a1Bienvenido a la Inmobiliaria Azahar! Las presentes Condiciones Generales regulan su acceso y uso de nuestro sitio web, incluidos los contenidos, funciones y servicios ofrecidos. Al acceder a nuestro sitio web o utilizarlo, usted acepta someterse a las presentes condiciones. Si no est\u00e1 de acuerdo con alguna parte de estas condiciones, no acceda ni utilice nuestro sitio web. Acceso y uso del sitio web &#8230;<\/p>\n","protected":false},"author":1,"featured_media":0,"parent":0,"menu_order":0,"comment_status":"closed","ping_status":"closed","template":"terms_conditions.php","meta":{"inline_featured_image":false,"footnotes":""},"class_list":["post-32265","page","type-page","status-publish","hentry"],"_links":{"self":[{"href":"https:\/\/azaharealtyestate.es\/es\/wp-json\/wp\/v2\/pages\/32265","targetHints":{"allow":["GET"]}}],"collection":[{"href":"https:\/\/azaharealtyestate.es\/es\/wp-json\/wp\/v2\/pages"}],"about":[{"href":"https:\/\/azaharealtyestate.es\/es\/wp-json\/wp\/v2\/types\/page"}],"author":[{"embeddable":true,"href":"https:\/\/azaharealtyestate.es\/es\/wp-json\/wp\/v2\/users\/1"}],"replies":[{"embeddable":true,"href":"https:\/\/azaharealtyestate.es\/es\/wp-json\/wp\/v2\/comments?post=32265"}],"version-history":[{"count":1,"href":"https:\/\/azaharealtyestate.es\/es\/wp-json\/wp\/v2\/pages\/32265\/revisions"}],"predecessor-version":[{"id":32279,"href":"https:\/\/azaharealtyestate.es\/es\/wp-json\/wp\/v2\/pages\/32265\/revisions\/32279"}],"wp:attachment":[{"href":"https:\/\/azaharealtyestate.es\/es\/wp-json\/wp\/v2\/media?parent=32265"}],"curies":[{"name":"wp","href":"https:\/\/api.w.org\/{rel}","templated":true}]}}